{"id":13691,"date":"2023-11-13T21:27:36","date_gmt":"2023-11-13T21:27:36","guid":{"rendered":"https:\/\/centrodeformacion.net\/web\/?page_id=13691"},"modified":"2026-03-14T18:17:03","modified_gmt":"2026-03-14T22:17:03","slug":"pagina-principal","status":"publish","type":"page","link":"https:\/\/centrodeformacion.net\/web\/","title":{"rendered":"Centro de Formaci\u00f3n e Investigaci\u00f3n Padre Joaqu\u00edn (CFIPJ)"},"content":{"rendered":"","protected":false},"excerpt":{"rendered":"","protected":false},"author":5,"featured_media":0,"parent":0,"menu_order":0,"comment_status":"closed","ping_status":"closed","template":"","meta":{"rop_custom_images_group":[],"rop_custom_messages_group":[],"rop_publish_now":"initial","rop_publish_now_accounts":{"twitter_637141248_637141248":"","facebook_3170172336609704_220067071358264":""},"rop_publish_now_history":[],"rop_publish_now_status":"pending","footnotes":""},"class_list":["post-13691","page","type-page","status-publish","hentry"],"yoast_head":"<!-- This site is optimized with the Yoast SEO plugin v27.6 - https:\/\/yoast.com\/product\/yoast-seo-wordpress\/ -->\n<title>Centro de Formaci\u00f3n e Investigaci\u00f3n Padre Joaqu\u00edn (CFIPJ) - Centro de Formaci\u00f3n e Investigaci\u00f3n Padre Joaqu\u00edn<\/title>\n<meta name=\"description\" content=\"Conoce el Centro de Formaci\u00f3n e Investigaci\u00f3n Padre Joaqu\u00edn (CFIPJ), inctancia de servicio de Fe y Alegr\u00eda Venezuela.\" \/>\n<meta name=\"robots\" content=\"index, follow, max-snippet:-1, max-image-preview:large, max-video-preview:-1\" \/>\n<link rel=\"canonical\" href=\"https:\/\/centrodeformacion.net\/web\/\" \/>\n<meta property=\"og:locale\" content=\"es_ES\" \/>\n<meta property=\"og:type\" content=\"article\" \/>\n<meta property=\"og:title\" content=\"Centro de Formaci\u00f3n e Investigaci\u00f3n Padre Joaqu\u00edn (CFIPJ) - Centro de Formaci\u00f3n e Investigaci\u00f3n Padre Joaqu\u00edn\" \/>\n<meta property=\"og:description\" content=\"Conoce el Centro de Formaci\u00f3n e Investigaci\u00f3n Padre Joaqu\u00edn (CFIPJ), inctancia de servicio de Fe y Alegr\u00eda Venezuela.\" \/>\n<meta property=\"og:url\" content=\"https:\/\/centrodeformacion.net\/web\/\" \/>\n<meta property=\"og:site_name\" content=\"Centro de Formaci\u00f3n e Investigaci\u00f3n Padre Joaqu\u00edn\" \/>\n<meta property=\"article:modified_time\" content=\"2026-03-14T22:17:03+00:00\" \/>\n<meta name=\"twitter:card\" content=\"summary_large_image\" \/>\n<script type=\"application\/ld+json\" class=\"yoast-schema-graph\">{\"@context\":\"https:\\\/\\\/schema.org\",\"@graph\":[{\"@type\":\"WebPage\",\"@id\":\"https:\\\/\\\/centrodeformacion.net\\\/web\\\/\",\"url\":\"https:\\\/\\\/centrodeformacion.net\\\/web\\\/\",\"name\":\"Centro de Formaci\u00f3n e Investigaci\u00f3n Padre Joaqu\u00edn (CFIPJ) - Centro de Formaci\u00f3n e Investigaci\u00f3n Padre Joaqu\u00edn\",\"isPartOf\":{\"@id\":\"https:\\\/\\\/centrodeformacion.net\\\/web\\\/#website\"},\"datePublished\":\"2023-11-13T21:27:36+00:00\",\"dateModified\":\"2026-03-14T22:17:03+00:00\",\"description\":\"Conoce el Centro de Formaci\u00f3n e Investigaci\u00f3n Padre Joaqu\u00edn (CFIPJ), inctancia de servicio de Fe y Alegr\u00eda Venezuela.\",\"breadcrumb\":{\"@id\":\"https:\\\/\\\/centrodeformacion.net\\\/web\\\/#breadcrumb\"},\"inLanguage\":\"es\",\"potentialAction\":[{\"@type\":\"ReadAction\",\"target\":[\"https:\\\/\\\/centrodeformacion.net\\\/web\\\/\"]}]},{\"@type\":\"BreadcrumbList\",\"@id\":\"https:\\\/\\\/centrodeformacion.net\\\/web\\\/#breadcrumb\",\"itemListElement\":[{\"@type\":\"ListItem\",\"position\":1,\"name\":\"Portada\",\"item\":\"https:\\\/\\\/centrodeformacion.net\\\/web\\\/\"},{\"@type\":\"ListItem\",\"position\":2,\"name\":\"Centro de Formaci\u00f3n e Investigaci\u00f3n Padre Joaqu\u00edn (CFIPJ)\"}]},{\"@type\":\"WebSite\",\"@id\":\"https:\\\/\\\/centrodeformacion.net\\\/web\\\/#website\",\"url\":\"https:\\\/\\\/centrodeformacion.net\\\/web\\\/\",\"name\":\"Centro de Formaci\u00f3n e Investigaci\u00f3n Padre Joaqu\u00edn\",\"description\":\"CFIPJ\",\"publisher\":{\"@id\":\"https:\\\/\\\/centrodeformacion.net\\\/web\\\/#organization\"},\"potentialAction\":[{\"@type\":\"SearchAction\",\"target\":{\"@type\":\"EntryPoint\",\"urlTemplate\":\"https:\\\/\\\/centrodeformacion.net\\\/web\\\/?s={search_term_string}\"},\"query-input\":{\"@type\":\"PropertyValueSpecification\",\"valueRequired\":true,\"valueName\":\"search_term_string\"}}],\"inLanguage\":\"es\"},{\"@type\":\"Organization\",\"@id\":\"https:\\\/\\\/centrodeformacion.net\\\/web\\\/#organization\",\"name\":\"Centro de Formaci\u00f3n e Investigaci\u00f3n Padre Joaqu\u00edn\",\"url\":\"https:\\\/\\\/centrodeformacion.net\\\/web\\\/\",\"logo\":{\"@type\":\"ImageObject\",\"inLanguage\":\"es\",\"@id\":\"https:\\\/\\\/centrodeformacion.net\\\/web\\\/#\\\/schema\\\/logo\\\/image\\\/\",\"url\":\"https:\\\/\\\/centrodeformacion.net\\\/web\\\/wp-content\\\/uploads\\\/2024\\\/07\\\/Logo-pagina.png\",\"contentUrl\":\"https:\\\/\\\/centrodeformacion.net\\\/web\\\/wp-content\\\/uploads\\\/2024\\\/07\\\/Logo-pagina.png\",\"width\":1700,\"height\":400,\"caption\":\"Centro de Formaci\u00f3n e Investigaci\u00f3n Padre Joaqu\u00edn\"},\"image\":{\"@id\":\"https:\\\/\\\/centrodeformacion.net\\\/web\\\/#\\\/schema\\\/logo\\\/image\\\/\"}}]}<\/script>\n<!-- \/ Yoast SEO plugin. -->","yoast_head_json":{"title":"Centro de Formaci\u00f3n e Investigaci\u00f3n Padre Joaqu\u00edn (CFIPJ) - Centro de Formaci\u00f3n e Investigaci\u00f3n Padre Joaqu\u00edn","description":"Conoce el Centro de Formaci\u00f3n e Investigaci\u00f3n Padre Joaqu\u00edn (CFIPJ), inctancia de servicio de Fe y Alegr\u00eda Venezuela.","robots":{"index":"index","follow":"follow","max-snippet":"max-snippet:-1","max-image-preview":"max-image-preview:large","max-video-preview":"max-video-preview:-1"},"canonical":"https:\/\/centrodeformacion.net\/web\/","og_locale":"es_ES","og_type":"article","og_title":"Centro de Formaci\u00f3n e Investigaci\u00f3n Padre Joaqu\u00edn (CFIPJ) - Centro de Formaci\u00f3n e Investigaci\u00f3n Padre Joaqu\u00edn","og_description":"Conoce el Centro de Formaci\u00f3n e Investigaci\u00f3n Padre Joaqu\u00edn (CFIPJ), inctancia de servicio de Fe y Alegr\u00eda Venezuela.","og_url":"https:\/\/centrodeformacion.net\/web\/","og_site_name":"Centro de Formaci\u00f3n e Investigaci\u00f3n Padre Joaqu\u00edn","article_modified_time":"2026-03-14T22:17:03+00:00","twitter_card":"summary_large_image","schema":{"@context":"https:\/\/schema.org","@graph":[{"@type":"WebPage","@id":"https:\/\/centrodeformacion.net\/web\/","url":"https:\/\/centrodeformacion.net\/web\/","name":"Centro de Formaci\u00f3n e Investigaci\u00f3n Padre Joaqu\u00edn (CFIPJ) - Centro de Formaci\u00f3n e Investigaci\u00f3n Padre Joaqu\u00edn","isPartOf":{"@id":"https:\/\/centrodeformacion.net\/web\/#website"},"datePublished":"2023-11-13T21:27:36+00:00","dateModified":"2026-03-14T22:17:03+00:00","description":"Conoce el Centro de Formaci\u00f3n e Investigaci\u00f3n Padre Joaqu\u00edn (CFIPJ), inctancia de servicio de Fe y Alegr\u00eda Venezuela.","breadcrumb":{"@id":"https:\/\/centrodeformacion.net\/web\/#breadcrumb"},"inLanguage":"es","potentialAction":[{"@type":"ReadAction","target":["https:\/\/centrodeformacion.net\/web\/"]}]},{"@type":"BreadcrumbList","@id":"https:\/\/centrodeformacion.net\/web\/#breadcrumb","itemListElement":[{"@type":"ListItem","position":1,"name":"Portada","item":"https:\/\/centrodeformacion.net\/web\/"},{"@type":"ListItem","position":2,"name":"Centro de Formaci\u00f3n e Investigaci\u00f3n Padre Joaqu\u00edn (CFIPJ)"}]},{"@type":"WebSite","@id":"https:\/\/centrodeformacion.net\/web\/#website","url":"https:\/\/centrodeformacion.net\/web\/","name":"Centro de Formaci\u00f3n e Investigaci\u00f3n Padre Joaqu\u00edn","description":"CFIPJ","publisher":{"@id":"https:\/\/centrodeformacion.net\/web\/#organization"},"potentialAction":[{"@type":"SearchAction","target":{"@type":"EntryPoint","urlTemplate":"https:\/\/centrodeformacion.net\/web\/?s={search_term_string}"},"query-input":{"@type":"PropertyValueSpecification","valueRequired":true,"valueName":"search_term_string"}}],"inLanguage":"es"},{"@type":"Organization","@id":"https:\/\/centrodeformacion.net\/web\/#organization","name":"Centro de Formaci\u00f3n e Investigaci\u00f3n Padre Joaqu\u00edn","url":"https:\/\/centrodeformacion.net\/web\/","logo":{"@type":"ImageObject","inLanguage":"es","@id":"https:\/\/centrodeformacion.net\/web\/#\/schema\/logo\/image\/","url":"https:\/\/centrodeformacion.net\/web\/wp-content\/uploads\/2024\/07\/Logo-pagina.png","contentUrl":"https:\/\/centrodeformacion.net\/web\/wp-content\/uploads\/2024\/07\/Logo-pagina.png","width":1700,"height":400,"caption":"Centro de Formaci\u00f3n e Investigaci\u00f3n Padre Joaqu\u00edn"},"image":{"@id":"https:\/\/centrodeformacion.net\/web\/#\/schema\/logo\/image\/"}}]}},"post_mailing_queue_ids":[],"_links":{"self":[{"href":"https:\/\/centrodeformacion.net\/web\/wp-json\/wp\/v2\/pages\/13691","targetHints":{"allow":["GET"]}}],"collection":[{"href":"https:\/\/centrodeformacion.net\/web\/wp-json\/wp\/v2\/pages"}],"about":[{"href":"https:\/\/centrodeformacion.net\/web\/wp-json\/wp\/v2\/types\/page"}],"author":[{"embeddable":true,"href":"https:\/\/centrodeformacion.net\/web\/wp-json\/wp\/v2\/users\/5"}],"replies":[{"embeddable":true,"href":"https:\/\/centrodeformacion.net\/web\/wp-json\/wp\/v2\/comments?post=13691"}],"version-history":[{"count":2,"href":"https:\/\/centrodeformacion.net\/web\/wp-json\/wp\/v2\/pages\/13691\/revisions"}],"predecessor-version":[{"id":18259,"href":"https:\/\/centrodeformacion.net\/web\/wp-json\/wp\/v2\/pages\/13691\/revisions\/18259"}],"wp:attachment":[{"href":"https:\/\/centrodeformacion.net\/web\/wp-json\/wp\/v2\/media?parent=13691"}],"curies":[{"name":"wp","href":"https:\/\/api.w.org\/{rel}","templated":true}]}}