{"id":18253,"date":"2025-07-22T14:55:16","date_gmt":"2025-07-22T18:55:16","guid":{"rendered":"https:\/\/centrodeformacion.net\/web\/?page_id=18253"},"modified":"2025-07-22T14:55:19","modified_gmt":"2025-07-22T18:55:19","slug":"ganadores-concurso-literario-70-anos-de-historias-que-inspiran","status":"publish","type":"page","link":"https:\/\/centrodeformacion.net\/web\/ganadores-concurso-literario-70-anos-de-historias-que-inspiran\/","title":{"rendered":"Ganadores: Concurso literario \u00ab70 a\u00f1os de historias que inspiran\u00bb"},"content":{"rendered":"\n<figure class=\"wp-block-image size-full\"><a href=\"https:\/\/centrodeformacion.net\/web\/wp-content\/uploads\/2025\/07\/flyer-para-anuncio-de-ganadores-del-concurso-literario-1.jpg\"><img loading=\"lazy\" decoding=\"async\" width=\"1080\" height=\"1350\" src=\"https:\/\/centrodeformacion.net\/web\/wp-content\/uploads\/2025\/07\/flyer-para-anuncio-de-ganadores-del-concurso-literario-1.jpg\" alt=\"\" class=\"wp-image-18254\"\/><\/a><\/figure>\n\n\n\n<div style=\"height:58px\" aria-hidden=\"true\" class=\"wp-block-spacer\"><\/div>\n\n\n<h1 style=\"text-align: center;\"><span>\ud83c\udf89\u00a1GANADORES, GANADORES, GANADORES!\ud83c\udf89<\/span><\/h1>\n<p style=\"text-align: justify;\"><span>\u2764\ufe0f Queremos expresar nuestro m\u00e1s sincero agradecimiento a todos los centros e instituciones que participaron en nuestro concurso literario \u00ab70 a\u00f1os de historias que inspiran\u00bb.\u00a0<\/span><\/p>\n<p style=\"text-align: justify;\"><span>Despu\u00e9s de una extensa revisi\u00f3n de todos los materiales recibidos, hemos seleccionado las producciones que realmente destacaron. Estos son los afortunados ganadores:<\/span><\/p>\n<ul>\n<li style=\"text-align: justify;\">Liam S\u00e1nchez de la U.E. Colegio Nazaret Fe y Alegr\u00eda, en la categor\u00eda de Dibujo.<\/li>\n<li style=\"text-align: justify;\">Jos\u00e9 Su\u00e1rez de la U.E.C. Monse\u00f1or Pedro Felipe Montes de Oca Fe y Alegr\u00eda, en la categor\u00eda de Microrrelatos.<\/li>\n<li style=\"text-align: justify;\">Vicmar Aular de la U.E. Colegio Nazaret Fe y Alegr\u00eda, en la categor\u00eda de Relatos.<\/li>\n<\/ul>\n<p>Nos complace anunciar que todos los textos participantes ser\u00e1n publicados en una antolog\u00eda digital que estar\u00e1 disponible muy pronto.<\/p>","protected":false},"excerpt":{"rendered":"<p>\ud83c\udf89\u00a1GANADORES, GANADORES, GANADORES!\ud83c\udf89 \u2764\ufe0f Queremos expresar nuestro m\u00e1s sincero agradecimiento a todos los centros e instituciones que participaron en nuestro concurso literario \u00ab70 a\u00f1os de historias que inspiran\u00bb.\u00a0 Despu\u00e9s de una extensa revisi\u00f3n de todos los materiales recibidos, hemos seleccionado las producciones que realmente destacaron. Estos son los afortunados ganadores: [&hellip;]<\/p>\n","protected":false},"author":17,"featured_media":18254,"parent":0,"menu_order":0,"comment_status":"closed","ping_status":"closed","template":"","meta":{"rop_custom_images_group":[],"rop_custom_messages_group":[],"rop_publish_now":"initial","rop_publish_now_accounts":{"twitter_637141248_637141248":"","facebook_3170172336609704_220067071358264":""},"rop_publish_now_history":[],"rop_publish_now_status":"pending","footnotes":""},"class_list":["post-18253","page","type-page","status-publish","has-post-thumbnail","hentry"],"yoast_head":"<!-- This site is optimized with the Yoast SEO plugin v27.6 - https:\/\/yoast.com\/product\/yoast-seo-wordpress\/ -->\n<title>Ganadores: Concurso literario &quot;70 a\u00f1os de historias que inspiran&quot; - Centro de Formaci\u00f3n e Investigaci\u00f3n Padre Joaqu\u00edn<\/title>\n<meta name=\"description\" content=\"Despu\u00e9s de una extensa revisi\u00f3n de todos los materiales recibidos, hemos seleccionado las producciones que realmente destacaron.\" \/>\n<meta name=\"robots\" content=\"index, follow, max-snippet:-1, max-image-preview:large, max-video-preview:-1\" \/>\n<link rel=\"canonical\" href=\"https:\/\/centrodeformacion.net\/web\/ganadores-concurso-literario-70-anos-de-historias-que-inspiran\/\" \/>\n<meta property=\"og:locale\" content=\"es_ES\" \/>\n<meta property=\"og:type\" content=\"article\" \/>\n<meta property=\"og:title\" content=\"Ganadores: Concurso literario &quot;70 a\u00f1os de historias que inspiran&quot; - Centro de Formaci\u00f3n e Investigaci\u00f3n Padre Joaqu\u00edn\" \/>\n<meta property=\"og:description\" content=\"Despu\u00e9s de una extensa revisi\u00f3n de todos los materiales recibidos, hemos seleccionado las producciones que realmente destacaron.\" \/>\n<meta property=\"og:url\" content=\"https:\/\/centrodeformacion.net\/web\/ganadores-concurso-literario-70-anos-de-historias-que-inspiran\/\" \/>\n<meta property=\"og:site_name\" content=\"Centro de Formaci\u00f3n e Investigaci\u00f3n Padre Joaqu\u00edn\" \/>\n<meta property=\"article:modified_time\" content=\"2025-07-22T18:55:19+00:00\" \/>\n<meta property=\"og:image\" content=\"https:\/\/centrodeformacion.net\/web\/wp-content\/uploads\/2025\/07\/flyer-para-anuncio-de-ganadores-del-concurso-literario-1.jpg\" \/>\n\t<meta property=\"og:image:width\" content=\"1080\" \/>\n\t<meta property=\"og:image:height\" content=\"1350\" \/>\n\t<meta property=\"og:image:type\" content=\"image\/jpeg\" \/>\n<meta name=\"twitter:card\" content=\"summary_large_image\" \/>\n<meta name=\"twitter:label1\" content=\"Tiempo de lectura\" \/>\n\t<meta name=\"twitter:data1\" content=\"1 minuto\" \/>\n<script type=\"application\/ld+json\" class=\"yoast-schema-graph\">{\"@context\":\"https:\\\/\\\/schema.org\",\"@graph\":[{\"@type\":\"WebPage\",\"@id\":\"https:\\\/\\\/centrodeformacion.net\\\/web\\\/ganadores-concurso-literario-70-anos-de-historias-que-inspiran\\\/\",\"url\":\"https:\\\/\\\/centrodeformacion.net\\\/web\\\/ganadores-concurso-literario-70-anos-de-historias-que-inspiran\\\/\",\"name\":\"Ganadores: Concurso literario \\\"70 a\u00f1os de historias que inspiran\\\" - Centro de Formaci\u00f3n e Investigaci\u00f3n Padre Joaqu\u00edn\",\"isPartOf\":{\"@id\":\"https:\\\/\\\/centrodeformacion.net\\\/web\\\/#website\"},\"primaryImageOfPage\":{\"@id\":\"https:\\\/\\\/centrodeformacion.net\\\/web\\\/ganadores-concurso-literario-70-anos-de-historias-que-inspiran\\\/#primaryimage\"},\"image\":{\"@id\":\"https:\\\/\\\/centrodeformacion.net\\\/web\\\/ganadores-concurso-literario-70-anos-de-historias-que-inspiran\\\/#primaryimage\"},\"thumbnailUrl\":\"https:\\\/\\\/centrodeformacion.net\\\/web\\\/wp-content\\\/uploads\\\/2025\\\/07\\\/flyer-para-anuncio-de-ganadores-del-concurso-literario-1.jpg\",\"datePublished\":\"2025-07-22T18:55:16+00:00\",\"dateModified\":\"2025-07-22T18:55:19+00:00\",\"description\":\"Despu\u00e9s de una extensa revisi\u00f3n de todos los materiales recibidos, hemos seleccionado las producciones que realmente destacaron.\",\"breadcrumb\":{\"@id\":\"https:\\\/\\\/centrodeformacion.net\\\/web\\\/ganadores-concurso-literario-70-anos-de-historias-que-inspiran\\\/#breadcrumb\"},\"inLanguage\":\"es\",\"potentialAction\":[{\"@type\":\"ReadAction\",\"target\":[\"https:\\\/\\\/centrodeformacion.net\\\/web\\\/ganadores-concurso-literario-70-anos-de-historias-que-inspiran\\\/\"]}]},{\"@type\":\"ImageObject\",\"inLanguage\":\"es\",\"@id\":\"https:\\\/\\\/centrodeformacion.net\\\/web\\\/ganadores-concurso-literario-70-anos-de-historias-que-inspiran\\\/#primaryimage\",\"url\":\"https:\\\/\\\/centrodeformacion.net\\\/web\\\/wp-content\\\/uploads\\\/2025\\\/07\\\/flyer-para-anuncio-de-ganadores-del-concurso-literario-1.jpg\",\"contentUrl\":\"https:\\\/\\\/centrodeformacion.net\\\/web\\\/wp-content\\\/uploads\\\/2025\\\/07\\\/flyer-para-anuncio-de-ganadores-del-concurso-literario-1.jpg\",\"width\":1080,\"height\":1350},{\"@type\":\"BreadcrumbList\",\"@id\":\"https:\\\/\\\/centrodeformacion.net\\\/web\\\/ganadores-concurso-literario-70-anos-de-historias-que-inspiran\\\/#breadcrumb\",\"itemListElement\":[{\"@type\":\"ListItem\",\"position\":1,\"name\":\"Portada\",\"item\":\"https:\\\/\\\/centrodeformacion.net\\\/web\\\/\"},{\"@type\":\"ListItem\",\"position\":2,\"name\":\"Ganadores: Concurso literario \u00ab70 a\u00f1os de historias que inspiran\u00bb\"}]},{\"@type\":\"WebSite\",\"@id\":\"https:\\\/\\\/centrodeformacion.net\\\/web\\\/#website\",\"url\":\"https:\\\/\\\/centrodeformacion.net\\\/web\\\/\",\"name\":\"Centro de Formaci\u00f3n e Investigaci\u00f3n Padre Joaqu\u00edn\",\"description\":\"CFIPJ\",\"publisher\":{\"@id\":\"https:\\\/\\\/centrodeformacion.net\\\/web\\\/#organization\"},\"potentialAction\":[{\"@type\":\"SearchAction\",\"target\":{\"@type\":\"EntryPoint\",\"urlTemplate\":\"https:\\\/\\\/centrodeformacion.net\\\/web\\\/?s={search_term_string}\"},\"query-input\":{\"@type\":\"PropertyValueSpecification\",\"valueRequired\":true,\"valueName\":\"search_term_string\"}}],\"inLanguage\":\"es\"},{\"@type\":\"Organization\",\"@id\":\"https:\\\/\\\/centrodeformacion.net\\\/web\\\/#organization\",\"name\":\"Centro de Formaci\u00f3n e Investigaci\u00f3n Padre Joaqu\u00edn\",\"url\":\"https:\\\/\\\/centrodeformacion.net\\\/web\\\/\",\"logo\":{\"@type\":\"ImageObject\",\"inLanguage\":\"es\",\"@id\":\"https:\\\/\\\/centrodeformacion.net\\\/web\\\/#\\\/schema\\\/logo\\\/image\\\/\",\"url\":\"https:\\\/\\\/centrodeformacion.net\\\/web\\\/wp-content\\\/uploads\\\/2024\\\/07\\\/Logo-pagina.png\",\"contentUrl\":\"https:\\\/\\\/centrodeformacion.net\\\/web\\\/wp-content\\\/uploads\\\/2024\\\/07\\\/Logo-pagina.png\",\"width\":1700,\"height\":400,\"caption\":\"Centro de Formaci\u00f3n e Investigaci\u00f3n Padre Joaqu\u00edn\"},\"image\":{\"@id\":\"https:\\\/\\\/centrodeformacion.net\\\/web\\\/#\\\/schema\\\/logo\\\/image\\\/\"}}]}<\/script>\n<!-- \/ Yoast SEO plugin. -->","yoast_head_json":{"title":"Ganadores: Concurso literario \"70 a\u00f1os de historias que inspiran\" - Centro de Formaci\u00f3n e Investigaci\u00f3n Padre Joaqu\u00edn","description":"Despu\u00e9s de una extensa revisi\u00f3n de todos los materiales recibidos, hemos seleccionado las producciones que realmente destacaron.","robots":{"index":"index","follow":"follow","max-snippet":"max-snippet:-1","max-image-preview":"max-image-preview:large","max-video-preview":"max-video-preview:-1"},"canonical":"https:\/\/centrodeformacion.net\/web\/ganadores-concurso-literario-70-anos-de-historias-que-inspiran\/","og_locale":"es_ES","og_type":"article","og_title":"Ganadores: Concurso literario \"70 a\u00f1os de historias que inspiran\" - Centro de Formaci\u00f3n e Investigaci\u00f3n Padre Joaqu\u00edn","og_description":"Despu\u00e9s de una extensa revisi\u00f3n de todos los materiales recibidos, hemos seleccionado las producciones que realmente destacaron.","og_url":"https:\/\/centrodeformacion.net\/web\/ganadores-concurso-literario-70-anos-de-historias-que-inspiran\/","og_site_name":"Centro de Formaci\u00f3n e Investigaci\u00f3n Padre Joaqu\u00edn","article_modified_time":"2025-07-22T18:55:19+00:00","og_image":[{"width":1080,"height":1350,"url":"https:\/\/centrodeformacion.net\/web\/wp-content\/uploads\/2025\/07\/flyer-para-anuncio-de-ganadores-del-concurso-literario-1.jpg","type":"image\/jpeg"}],"twitter_card":"summary_large_image","twitter_misc":{"Tiempo de lectura":"1 minuto"},"schema":{"@context":"https:\/\/schema.org","@graph":[{"@type":"WebPage","@id":"https:\/\/centrodeformacion.net\/web\/ganadores-concurso-literario-70-anos-de-historias-que-inspiran\/","url":"https:\/\/centrodeformacion.net\/web\/ganadores-concurso-literario-70-anos-de-historias-que-inspiran\/","name":"Ganadores: Concurso literario \"70 a\u00f1os de historias que inspiran\" - Centro de Formaci\u00f3n e Investigaci\u00f3n Padre Joaqu\u00edn","isPartOf":{"@id":"https:\/\/centrodeformacion.net\/web\/#website"},"primaryImageOfPage":{"@id":"https:\/\/centrodeformacion.net\/web\/ganadores-concurso-literario-70-anos-de-historias-que-inspiran\/#primaryimage"},"image":{"@id":"https:\/\/centrodeformacion.net\/web\/ganadores-concurso-literario-70-anos-de-historias-que-inspiran\/#primaryimage"},"thumbnailUrl":"https:\/\/centrodeformacion.net\/web\/wp-content\/uploads\/2025\/07\/flyer-para-anuncio-de-ganadores-del-concurso-literario-1.jpg","datePublished":"2025-07-22T18:55:16+00:00","dateModified":"2025-07-22T18:55:19+00:00","description":"Despu\u00e9s de una extensa revisi\u00f3n de todos los materiales recibidos, hemos seleccionado las producciones que realmente destacaron.","breadcrumb":{"@id":"https:\/\/centrodeformacion.net\/web\/ganadores-concurso-literario-70-anos-de-historias-que-inspiran\/#breadcrumb"},"inLanguage":"es","potentialAction":[{"@type":"ReadAction","target":["https:\/\/centrodeformacion.net\/web\/ganadores-concurso-literario-70-anos-de-historias-que-inspiran\/"]}]},{"@type":"ImageObject","inLanguage":"es","@id":"https:\/\/centrodeformacion.net\/web\/ganadores-concurso-literario-70-anos-de-historias-que-inspiran\/#primaryimage","url":"https:\/\/centrodeformacion.net\/web\/wp-content\/uploads\/2025\/07\/flyer-para-anuncio-de-ganadores-del-concurso-literario-1.jpg","contentUrl":"https:\/\/centrodeformacion.net\/web\/wp-content\/uploads\/2025\/07\/flyer-para-anuncio-de-ganadores-del-concurso-literario-1.jpg","width":1080,"height":1350},{"@type":"BreadcrumbList","@id":"https:\/\/centrodeformacion.net\/web\/ganadores-concurso-literario-70-anos-de-historias-que-inspiran\/#breadcrumb","itemListElement":[{"@type":"ListItem","position":1,"name":"Portada","item":"https:\/\/centrodeformacion.net\/web\/"},{"@type":"ListItem","position":2,"name":"Ganadores: Concurso literario \u00ab70 a\u00f1os de historias que inspiran\u00bb"}]},{"@type":"WebSite","@id":"https:\/\/centrodeformacion.net\/web\/#website","url":"https:\/\/centrodeformacion.net\/web\/","name":"Centro de Formaci\u00f3n e Investigaci\u00f3n Padre Joaqu\u00edn","description":"CFIPJ","publisher":{"@id":"https:\/\/centrodeformacion.net\/web\/#organization"},"potentialAction":[{"@type":"SearchAction","target":{"@type":"EntryPoint","urlTemplate":"https:\/\/centrodeformacion.net\/web\/?s={search_term_string}"},"query-input":{"@type":"PropertyValueSpecification","valueRequired":true,"valueName":"search_term_string"}}],"inLanguage":"es"},{"@type":"Organization","@id":"https:\/\/centrodeformacion.net\/web\/#organization","name":"Centro de Formaci\u00f3n e Investigaci\u00f3n Padre Joaqu\u00edn","url":"https:\/\/centrodeformacion.net\/web\/","logo":{"@type":"ImageObject","inLanguage":"es","@id":"https:\/\/centrodeformacion.net\/web\/#\/schema\/logo\/image\/","url":"https:\/\/centrodeformacion.net\/web\/wp-content\/uploads\/2024\/07\/Logo-pagina.png","contentUrl":"https:\/\/centrodeformacion.net\/web\/wp-content\/uploads\/2024\/07\/Logo-pagina.png","width":1700,"height":400,"caption":"Centro de Formaci\u00f3n e Investigaci\u00f3n Padre Joaqu\u00edn"},"image":{"@id":"https:\/\/centrodeformacion.net\/web\/#\/schema\/logo\/image\/"}}]}},"post_mailing_queue_ids":[],"_links":{"self":[{"href":"https:\/\/centrodeformacion.net\/web\/wp-json\/wp\/v2\/pages\/18253","targetHints":{"allow":["GET"]}}],"collection":[{"href":"https:\/\/centrodeformacion.net\/web\/wp-json\/wp\/v2\/pages"}],"about":[{"href":"https:\/\/centrodeformacion.net\/web\/wp-json\/wp\/v2\/types\/page"}],"author":[{"embeddable":true,"href":"https:\/\/centrodeformacion.net\/web\/wp-json\/wp\/v2\/users\/17"}],"replies":[{"embeddable":true,"href":"https:\/\/centrodeformacion.net\/web\/wp-json\/wp\/v2\/comments?post=18253"}],"version-history":[{"count":2,"href":"https:\/\/centrodeformacion.net\/web\/wp-json\/wp\/v2\/pages\/18253\/revisions"}],"predecessor-version":[{"id":18257,"href":"https:\/\/centrodeformacion.net\/web\/wp-json\/wp\/v2\/pages\/18253\/revisions\/18257"}],"wp:featuredmedia":[{"embeddable":true,"href":"https:\/\/centrodeformacion.net\/web\/wp-json\/wp\/v2\/media\/18254"}],"wp:attachment":[{"href":"https:\/\/centrodeformacion.net\/web\/wp-json\/wp\/v2\/media?parent=18253"}],"curies":[{"name":"wp","href":"https:\/\/api.w.org\/{rel}","templated":true}]}}